{"id":21,"date":"2023-05-28T21:23:38","date_gmt":"2023-05-28T19:23:38","guid":{"rendered":"https:\/\/create-website.fr\/?page_id=21"},"modified":"2024-01-24T14:44:32","modified_gmt":"2024-01-24T13:44:32","slug":"mentions-legal","status":"publish","type":"page","link":"https:\/\/create-website.fr\/index.php\/mentions-legal\/","title":{"rendered":"Mentions L\u00e9gal"},"content":{"rendered":"\t\t<div data-elementor-type=\"wp-page\" data-elementor-id=\"21\" class=\"elementor elementor-21\">\n\t\t\t\t\t\t<section class=\"elementor-section elementor-top-section elementor-element elementor-element-5ace990 elementor-section-full_width elementor-section-height-default elementor-section-height-default\" data-id=\"5ace990\" data-element_type=\"section\" data-e-type=\"section\">\n\t\t\t\t\t\t<div class=\"elementor-container elementor-column-gap-default\">\n\t\t\t\t\t<div class=\"elementor-column elementor-col-100 elementor-top-column elementor-element elementor-element-5d187c8\" data-id=\"5d187c8\" data-element_type=\"column\" data-e-type=\"column\">\n\t\t\t<div class=\"elementor-widget-wrap elementor-element-populated\">\n\t\t\t\t\t\t<div class=\"elementor-element elementor-element-17ec374 elementor-widget elementor-widget-text-editor\" data-id=\"17ec374\" data-element_type=\"widget\" data-e-type=\"widget\" data-widget_type=\"text-editor.default\">\n\t\t\t\t<div class=\"elementor-widget-container\">\n\t\t\t\t\t\t\t\t\t<p>Propri\u00e9taire<strong> du site : <em>CREATEWEBSITE<\/em><\/strong><\/p><p><strong>Politique de Confidentialit\u00e9<\/strong><\/p><p>Bienvenue sur note site, \u00e9dit\u00e9 par <b>CreateWebSite<\/b>. La protection de votre vie priv\u00e9e et de vos donn\u00e9es personnelles est une priorit\u00e9 pour nous. Cette Politique de Confidentialit\u00e9 vise \u00e0 vous informer sur la mani\u00e8re dont nous collectons, utilisons, partageons et prot\u00e9geons vos informations. Nous souhaitons faire preuve d&#8217;ouverture et de transparence quant au traitement de ces donn\u00e9es, et nous vous assurons que nous les traitons en conformit\u00e9 avec les lois et r\u00e9glementations en vigueur, notamment la loi n\u00b078-17 du 6 janvier 1978 relative \u00e0 l\u2019informatique, aux fichiers et aux libert\u00e9s modifi\u00e9e, ainsi que le R\u00e8glement europ\u00e9en n\u00b02016\/679\/UE du 27 avril 2016 (connu sous le nom de &#8220;R\u00e8glement g\u00e9n\u00e9ral sur la protection des donn\u00e9es&#8221; ou &#8220;RGPD&#8221;). Cette Politique de confidentialit\u00e9 d\u00e9taille le traitement de vos donn\u00e9es personnelles, les objectifs de ce traitement, ainsi que les mesures mises en place pour les enregistrer et les prot\u00e9ger. Elle fournit \u00e9galement les coordonn\u00e9es auxquelles vous pouvez adresser vos questions ou commentaires concernant ce traitement.<\/p><p><strong>Collecte de donn\u00e9es personnelles<\/strong><\/p><p>Nous collectons des informations personnelles lorsque vous utilisez notre site. Ces informations peuvent inclure, sans s&#8217;y limiter, votre nom, votre adresse e-mail, votre adresse postale, votre num\u00e9ro de t\u00e9l\u00e9phone, et d&#8217;autres informations que vous choisissez de nous fournir.<\/p><p><strong>Base l\u00e9gale du traitement des donn\u00e9es personnelles<\/strong><\/p><p>La base l\u00e9gale du traitement des donn\u00e9es personnelles fait r\u00e9f\u00e9rence \u00e0 la justification juridique sur laquelle une organisation s&#8217;appuie pour collecter, traiter et utiliser les donn\u00e9es personnelles des individus. En vertu du R\u00e8glement g\u00e9n\u00e9ral sur la protection des donn\u00e9es (RGPD) de l&#8217;Union europ\u00e9enne, il existe plusieurs bases l\u00e9gales qui peuvent l\u00e9gitimer le traitement des donn\u00e9es personnelles. Ces bases l\u00e9gales comprennent, entre autres :<\/p><p><strong>Consentement de la personne concern\u00e9e\u00a0<\/strong>: Le traitement est autoris\u00e9 si la personne a donn\u00e9 son consentement explicite pour le traitement de ses donn\u00e9es personnelles \u00e0 des fins sp\u00e9cifiques.<\/p><p><strong>Ex\u00e9cution d&#8217;un contrat<\/strong>\u00a0: Le traitement est n\u00e9cessaire \u00e0 l&#8217;ex\u00e9cution d&#8217;un contrat auquel la personne concern\u00e9e est partie ou \u00e0 des mesures pr\u00e9contractuelles prises \u00e0 la demande de cette personne.<\/p><p><strong>Obligation l\u00e9gale<\/strong>\u00a0: Le traitement est n\u00e9cessaire au respect d&#8217;une obligation l\u00e9gale \u00e0 laquelle le responsable du traitement est soumis.<\/p><p><strong>Int\u00e9r\u00eats vitaux<\/strong>\u00a0: Le traitement est n\u00e9cessaire pour prot\u00e9ger la vie d&#8217;une personne.<\/p><p><strong>Ex\u00e9cution d&#8217;une mission d&#8217;int\u00e9r\u00eat public ou relevant de l&#8217;exercice de l&#8217;autorit\u00e9 publique<\/strong>\u00a0: Le traitement est n\u00e9cessaire \u00e0 l&#8217;ex\u00e9cution d&#8217;une mission d&#8217;int\u00e9r\u00eat public ou relevant de l&#8217;exercice de l&#8217;autorit\u00e9 publique dont est investi le responsable du traitement.<\/p><p><strong>Int\u00e9r\u00eats l\u00e9gitimes du responsable du traitement ou d&#8217;un tiers<\/strong>\u00a0: Le traitement est n\u00e9cessaire aux fins des int\u00e9r\u00eats l\u00e9gitimes poursuivis par le responsable du traitement ou par un tiers, sauf lorsque les int\u00e9r\u00eats ou les droits et libert\u00e9s fondamentaux de la personne concern\u00e9e pr\u00e9valent sur ces int\u00e9r\u00eats l\u00e9gitimes.<\/p><p><strong>Utilisation des donn\u00e9es<\/strong><\/p><p>Nous utilisons les informations collect\u00e9es dans le but de traiter vos commandes, personnaliser votre exp\u00e9rience utilisateur, am\u00e9liorer nos services, etc.]. Nous ne partageons pas vos informations avec des tiers sans votre consentement, sauf dans les cas express\u00e9ment d\u00e9crits dans cette Politique de Confidentialit\u00e9.<\/p><p><strong>Cookies et Technologies similaires<\/strong><\/p><p>Notre site utilise des cookies et d&#8217;autres technologies similaires pour am\u00e9liorer votre exp\u00e9rience utilisateur. Vous pouvez param\u00e9trer votre navigateur pour refuser les cookies, mais veuillez noter que certaines fonctionnalit\u00e9s de notre site\/application pourraient \u00eatre affect\u00e9es.<\/p><p><strong>S\u00e9curit\u00e9 des donn\u00e9es<\/strong><\/p><p>Nous mettons en place des mesures de s\u00e9curit\u00e9 raisonnables pour prot\u00e9ger vos donn\u00e9es personnelles contre tout acc\u00e8s non autoris\u00e9, toute utilisation abusive, toute perte, toute divulgation non autoris\u00e9e, toute alt\u00e9ration ou toute destruction.<\/p><p><strong>Droits des Utilisateurs<\/strong><\/p><p>Conform\u00e9ment \u00e0 la l\u00e9gislation en vigueur, vous avez le droit d&#8217;acc\u00e9der, de rectifier, de supprimer ou de vous opposer au traitement de vos donn\u00e9es personnelles. Pour exercer ces droits, veuillez nous contacter \u00e0\u00a0<a href=\"mailto:contacts@createwebsite.fr\">contacts@createwebsite.fr.<\/a><\/p><p>Modifications de la Politique de Confidentialit\u00e9<\/p><p>Nous nous r\u00e9servons le droit de mettre \u00e0 jour notre Politique de Confidentialit\u00e9 \u00e0 tout moment. Les modifications seront publi\u00e9es sur cette page avec la date de la derni\u00e8re mise \u00e0 jour.<\/p><p><strong>Contact<\/strong><\/p><p>Pour toute question concernant notre Politique de Confidentialit\u00e9, veuillez nous contacter \u00e0\u00a0<a href=\"mailto:contacts@createwebsite.fr\">contacts@createwebsite.fr<\/a><\/p>\t\t\t\t\t\t\t\t<\/div>\n\t\t\t\t<\/div>\n\t\t\t\t\t<\/div>\n\t\t<\/div>\n\t\t\t\t\t<\/div>\n\t\t<\/section>\n\t\t\t\t<\/div>\n\t\t","protected":false},"excerpt":{"rendered":"<p>Propri\u00e9taire du site : CREATEWEBSITE Politique de Confidentialit\u00e9 Bienvenue sur note site, \u00e9dit\u00e9 par CreateWebSite. La protection de votre vie priv\u00e9e et de vos donn\u00e9es personnelles est une priorit\u00e9 pour nous. Cette Politique de Confidentialit\u00e9 vise \u00e0 vous informer sur la mani\u00e8re dont nous collectons, utilisons, partageons et prot\u00e9geons vos informations. Nous souhaitons faire preuve [&hellip;]<\/p>\n","protected":false},"author":1,"featured_media":0,"parent":0,"menu_order":0,"comment_status":"closed","ping_status":"closed","template":"","meta":{"ocean_post_layout":"","ocean_both_sidebars_style":"","ocean_both_sidebars_content_width":0,"ocean_both_sidebars_sidebars_width":0,"ocean_sidebar":"","ocean_second_sidebar":"","ocean_disable_margins":"enable","ocean_add_body_class":"","ocean_shortcode_before_top_bar":"","ocean_shortcode_after_top_bar":"","ocean_shortcode_before_header":"","ocean_shortcode_after_header":"","ocean_has_shortcode":"","ocean_shortcode_after_title":"","ocean_shortcode_before_footer_widgets":"","ocean_shortcode_after_footer_widgets":"","ocean_shortcode_before_footer_bottom":"","ocean_shortcode_after_footer_bottom":"","ocean_display_top_bar":"default","ocean_display_header":"default","ocean_header_style":"","ocean_center_header_left_menu":"","ocean_custom_header_template":"","ocean_custom_logo":0,"ocean_custom_retina_logo":0,"ocean_custom_logo_max_width":0,"ocean_custom_logo_tablet_max_width":0,"ocean_custom_logo_mobile_max_width":0,"ocean_custom_logo_max_height":0,"ocean_custom_logo_tablet_max_height":0,"ocean_custom_logo_mobile_max_height":0,"ocean_header_custom_menu":"","ocean_menu_typo_font_family":"","ocean_menu_typo_font_subset":"","ocean_menu_typo_font_size":0,"ocean_menu_typo_font_size_tablet":0,"ocean_menu_typo_font_size_mobile":0,"ocean_menu_typo_font_size_unit":"px","ocean_menu_typo_font_weight":"","ocean_menu_typo_font_weight_tablet":"","ocean_menu_typo_font_weight_mobile":"","ocean_menu_typo_transform":"","ocean_menu_typo_transform_tablet":"","ocean_menu_typo_transform_mobile":"","ocean_menu_typo_line_height":0,"ocean_menu_typo_line_height_tablet":0,"ocean_menu_typo_line_height_mobile":0,"ocean_menu_typo_line_height_unit":"","ocean_menu_typo_spacing":0,"ocean_menu_typo_spacing_tablet":0,"ocean_menu_typo_spacing_mobile":0,"ocean_menu_typo_spacing_unit":"","ocean_menu_link_color":"","ocean_menu_link_color_hover":"","ocean_menu_link_color_active":"","ocean_menu_link_background":"","ocean_menu_link_hover_background":"","ocean_menu_link_active_background":"","ocean_menu_social_links_bg":"","ocean_menu_social_hover_links_bg":"","ocean_menu_social_links_color":"","ocean_menu_social_hover_links_color":"","ocean_disable_title":"default","ocean_disable_heading":"default","ocean_post_title":"","ocean_post_subheading":"","ocean_post_title_style":"","ocean_post_title_background_color":"","ocean_post_title_background":0,"ocean_post_title_bg_image_position":"","ocean_post_title_bg_image_attachment":"","ocean_post_title_bg_image_repeat":"","ocean_post_title_bg_image_size":"","ocean_post_title_height":0,"ocean_post_title_bg_overlay":0.5,"ocean_post_title_bg_overlay_color":"","ocean_disable_breadcrumbs":"default","ocean_breadcrumbs_color":"","ocean_breadcrumbs_separator_color":"","ocean_breadcrumbs_links_color":"","ocean_breadcrumbs_links_hover_color":"","ocean_display_footer_widgets":"default","ocean_display_footer_bottom":"default","ocean_custom_footer_template":"","footnotes":""},"class_list":["post-21","page","type-page","status-publish","hentry","entry"],"yoast_head":"<!-- This site is optimized with the Yoast SEO plugin v27.4 - https:\/\/yoast.com\/product\/yoast-seo-wordpress\/ -->\n<title>Mentions L\u00e9gal - CreasteWebSite<\/title>\n<meta name=\"robots\" content=\"index, follow, max-snippet:-1, max-image-preview:large, max-video-preview:-1\" \/>\n<link rel=\"canonical\" href=\"https:\/\/create-website.fr\/index.php\/mentions-legal\/\" \/>\n<meta property=\"og:locale\" content=\"en_US\" \/>\n<meta property=\"og:type\" content=\"article\" \/>\n<meta property=\"og:title\" content=\"Mentions L\u00e9gal - CreasteWebSite\" \/>\n<meta property=\"og:description\" content=\"Propri\u00e9taire du site : CREATEWEBSITE Politique de Confidentialit\u00e9 Bienvenue sur note site, \u00e9dit\u00e9 par CreateWebSite. La protection de votre vie priv\u00e9e et de vos donn\u00e9es personnelles est une priorit\u00e9 pour nous. Cette Politique de Confidentialit\u00e9 vise \u00e0 vous informer sur la mani\u00e8re dont nous collectons, utilisons, partageons et prot\u00e9geons vos informations. Nous souhaitons faire preuve [&hellip;]\" \/>\n<meta property=\"og:url\" content=\"https:\/\/create-website.fr\/index.php\/mentions-legal\/\" \/>\n<meta property=\"og:site_name\" content=\"CreasteWebSite\" \/>\n<meta property=\"article:modified_time\" content=\"2024-01-24T13:44:32+00:00\" \/>\n<meta name=\"twitter:card\" content=\"summary_large_image\" \/>\n<meta name=\"twitter:label1\" content=\"Est. reading time\" \/>\n\t<meta name=\"twitter:data1\" content=\"4 minutes\" \/>\n<script type=\"application\/ld+json\" class=\"yoast-schema-graph\">{\"@context\":\"https:\\\/\\\/schema.org\",\"@graph\":[{\"@type\":\"WebPage\",\"@id\":\"https:\\\/\\\/create-website.fr\\\/index.php\\\/mentions-legal\\\/\",\"url\":\"https:\\\/\\\/create-website.fr\\\/index.php\\\/mentions-legal\\\/\",\"name\":\"Mentions L\u00e9gal - CreasteWebSite\",\"isPartOf\":{\"@id\":\"https:\\\/\\\/create-website.fr\\\/#website\"},\"datePublished\":\"2023-05-28T19:23:38+00:00\",\"dateModified\":\"2024-01-24T13:44:32+00:00\",\"breadcrumb\":{\"@id\":\"https:\\\/\\\/create-website.fr\\\/index.php\\\/mentions-legal\\\/#breadcrumb\"},\"inLanguage\":\"en-US\",\"potentialAction\":[{\"@type\":\"ReadAction\",\"target\":[\"https:\\\/\\\/create-website.fr\\\/index.php\\\/mentions-legal\\\/\"]}]},{\"@type\":\"BreadcrumbList\",\"@id\":\"https:\\\/\\\/create-website.fr\\\/index.php\\\/mentions-legal\\\/#breadcrumb\",\"itemListElement\":[{\"@type\":\"ListItem\",\"position\":1,\"name\":\"Accueil\",\"item\":\"https:\\\/\\\/create-website.fr\\\/\"},{\"@type\":\"ListItem\",\"position\":2,\"name\":\"Mentions L\u00e9gal\"}]},{\"@type\":\"WebSite\",\"@id\":\"https:\\\/\\\/create-website.fr\\\/#website\",\"url\":\"https:\\\/\\\/create-website.fr\\\/\",\"name\":\"CreasteWebSite\",\"description\":\"\",\"publisher\":{\"@id\":\"https:\\\/\\\/create-website.fr\\\/#organization\"},\"potentialAction\":[{\"@type\":\"SearchAction\",\"target\":{\"@type\":\"EntryPoint\",\"urlTemplate\":\"https:\\\/\\\/create-website.fr\\\/?s={search_term_string}\"},\"query-input\":{\"@type\":\"PropertyValueSpecification\",\"valueRequired\":true,\"valueName\":\"search_term_string\"}}],\"inLanguage\":\"en-US\"},{\"@type\":\"Organization\",\"@id\":\"https:\\\/\\\/create-website.fr\\\/#organization\",\"name\":\"CreasteWebSite\",\"url\":\"https:\\\/\\\/create-website.fr\\\/\",\"logo\":{\"@type\":\"ImageObject\",\"inLanguage\":\"en-US\",\"@id\":\"https:\\\/\\\/create-website.fr\\\/#\\\/schema\\\/logo\\\/image\\\/\",\"url\":\"https:\\\/\\\/create-website.fr\\\/wp-content\\\/uploads\\\/2024\\\/01\\\/cropped-logo_2.jpg\",\"contentUrl\":\"https:\\\/\\\/create-website.fr\\\/wp-content\\\/uploads\\\/2024\\\/01\\\/cropped-logo_2.jpg\",\"width\":519,\"height\":610,\"caption\":\"CreasteWebSite\"},\"image\":{\"@id\":\"https:\\\/\\\/create-website.fr\\\/#\\\/schema\\\/logo\\\/image\\\/\"}}]}<\/script>\n<!-- \/ Yoast SEO plugin. -->","yoast_head_json":{"title":"Mentions L\u00e9gal - CreasteWebSite","robots":{"index":"index","follow":"follow","max-snippet":"max-snippet:-1","max-image-preview":"max-image-preview:large","max-video-preview":"max-video-preview:-1"},"canonical":"https:\/\/create-website.fr\/index.php\/mentions-legal\/","og_locale":"en_US","og_type":"article","og_title":"Mentions L\u00e9gal - CreasteWebSite","og_description":"Propri\u00e9taire du site : CREATEWEBSITE Politique de Confidentialit\u00e9 Bienvenue sur note site, \u00e9dit\u00e9 par CreateWebSite. La protection de votre vie priv\u00e9e et de vos donn\u00e9es personnelles est une priorit\u00e9 pour nous. Cette Politique de Confidentialit\u00e9 vise \u00e0 vous informer sur la mani\u00e8re dont nous collectons, utilisons, partageons et prot\u00e9geons vos informations. Nous souhaitons faire preuve [&hellip;]","og_url":"https:\/\/create-website.fr\/index.php\/mentions-legal\/","og_site_name":"CreasteWebSite","article_modified_time":"2024-01-24T13:44:32+00:00","twitter_card":"summary_large_image","twitter_misc":{"Est. reading time":"4 minutes"},"schema":{"@context":"https:\/\/schema.org","@graph":[{"@type":"WebPage","@id":"https:\/\/create-website.fr\/index.php\/mentions-legal\/","url":"https:\/\/create-website.fr\/index.php\/mentions-legal\/","name":"Mentions L\u00e9gal - CreasteWebSite","isPartOf":{"@id":"https:\/\/create-website.fr\/#website"},"datePublished":"2023-05-28T19:23:38+00:00","dateModified":"2024-01-24T13:44:32+00:00","breadcrumb":{"@id":"https:\/\/create-website.fr\/index.php\/mentions-legal\/#breadcrumb"},"inLanguage":"en-US","potentialAction":[{"@type":"ReadAction","target":["https:\/\/create-website.fr\/index.php\/mentions-legal\/"]}]},{"@type":"BreadcrumbList","@id":"https:\/\/create-website.fr\/index.php\/mentions-legal\/#breadcrumb","itemListElement":[{"@type":"ListItem","position":1,"name":"Accueil","item":"https:\/\/create-website.fr\/"},{"@type":"ListItem","position":2,"name":"Mentions L\u00e9gal"}]},{"@type":"WebSite","@id":"https:\/\/create-website.fr\/#website","url":"https:\/\/create-website.fr\/","name":"CreasteWebSite","description":"","publisher":{"@id":"https:\/\/create-website.fr\/#organization"},"potentialAction":[{"@type":"SearchAction","target":{"@type":"EntryPoint","urlTemplate":"https:\/\/create-website.fr\/?s={search_term_string}"},"query-input":{"@type":"PropertyValueSpecification","valueRequired":true,"valueName":"search_term_string"}}],"inLanguage":"en-US"},{"@type":"Organization","@id":"https:\/\/create-website.fr\/#organization","name":"CreasteWebSite","url":"https:\/\/create-website.fr\/","logo":{"@type":"ImageObject","inLanguage":"en-US","@id":"https:\/\/create-website.fr\/#\/schema\/logo\/image\/","url":"https:\/\/create-website.fr\/wp-content\/uploads\/2024\/01\/cropped-logo_2.jpg","contentUrl":"https:\/\/create-website.fr\/wp-content\/uploads\/2024\/01\/cropped-logo_2.jpg","width":519,"height":610,"caption":"CreasteWebSite"},"image":{"@id":"https:\/\/create-website.fr\/#\/schema\/logo\/image\/"}}]}},"_links":{"self":[{"href":"https:\/\/create-website.fr\/index.php\/wp-json\/wp\/v2\/pages\/21","targetHints":{"allow":["GET"]}}],"collection":[{"href":"https:\/\/create-website.fr\/index.php\/wp-json\/wp\/v2\/pages"}],"about":[{"href":"https:\/\/create-website.fr\/index.php\/wp-json\/wp\/v2\/types\/page"}],"author":[{"embeddable":true,"href":"https:\/\/create-website.fr\/index.php\/wp-json\/wp\/v2\/users\/1"}],"replies":[{"embeddable":true,"href":"https:\/\/create-website.fr\/index.php\/wp-json\/wp\/v2\/comments?post=21"}],"version-history":[{"count":31,"href":"https:\/\/create-website.fr\/index.php\/wp-json\/wp\/v2\/pages\/21\/revisions"}],"predecessor-version":[{"id":686,"href":"https:\/\/create-website.fr\/index.php\/wp-json\/wp\/v2\/pages\/21\/revisions\/686"}],"wp:attachment":[{"href":"https:\/\/create-website.fr\/index.php\/wp-json\/wp\/v2\/media?parent=21"}],"curies":[{"name":"wp","href":"https:\/\/api.w.org\/{rel}","templated":true}]}}