{"id":17,"date":"2023-05-28T21:18:51","date_gmt":"2023-05-28T19:18:51","guid":{"rendered":"https:\/\/create-website.fr\/?page_id=17"},"modified":"2024-01-27T20:53:11","modified_gmt":"2024-01-27T19:53:11","slug":"a-propos","status":"publish","type":"page","link":"https:\/\/create-website.fr\/index.php\/a-propos\/","title":{"rendered":"A PROPOS"},"content":{"rendered":"\t\t<div data-elementor-type=\"wp-page\" data-elementor-id=\"17\" class=\"elementor elementor-17\">\n\t\t\t\t\t\t<section class=\"elementor-section elementor-top-section elementor-element elementor-element-0f26686 elementor-section-full_width elementor-section-height-min-height elementor-section-stretched elementor-section-height-default elementor-section-items-middle\" data-id=\"0f26686\" data-element_type=\"section\" data-e-type=\"section\" data-settings=\"{&quot;stretch_section&quot;:&quot;section-stretched&quot;,&quot;background_background&quot;:&quot;slideshow&quot;,&quot;background_slideshow_gallery&quot;:[],&quot;background_slideshow_loop&quot;:&quot;yes&quot;,&quot;background_slideshow_slide_duration&quot;:5000,&quot;background_slideshow_slide_transition&quot;:&quot;fade&quot;,&quot;background_slideshow_transition_duration&quot;:500}\">\n\t\t\t\t\t\t<div class=\"elementor-container elementor-column-gap-extended\">\n\t\t\t\t\t<div class=\"elementor-column elementor-col-100 elementor-top-column elementor-element elementor-element-116d377\" data-id=\"116d377\" data-element_type=\"column\" data-e-type=\"column\">\n\t\t\t<div class=\"elementor-widget-wrap elementor-element-populated\">\n\t\t\t\t\t\t<section class=\"elementor-section elementor-inner-section elementor-element elementor-element-ff681d7 elementor-section-boxed elementor-section-height-default elementor-section-height-default\" data-id=\"ff681d7\" data-element_type=\"section\" data-e-type=\"section\">\n\t\t\t\t\t\t<div class=\"elementor-container elementor-column-gap-default\">\n\t\t\t\t\t<div class=\"elementor-column elementor-col-50 elementor-inner-column elementor-element elementor-element-72fe599\" data-id=\"72fe599\" data-element_type=\"column\" data-e-type=\"column\">\n\t\t\t<div class=\"elementor-widget-wrap elementor-element-populated\">\n\t\t\t\t\t\t<div class=\"elementor-element elementor-element-0b4bb9b elementor-widget__width-initial elementor-widget elementor-widget-image\" data-id=\"0b4bb9b\" data-element_type=\"widget\" data-e-type=\"widget\" data-widget_type=\"image.default\">\n\t\t\t\t<div class=\"elementor-widget-container\">\n\t\t\t\t\t\t\t\t\t\t\t\t\t\t\t<img fetchpriority=\"high\" decoding=\"async\" width=\"519\" height=\"610\" src=\"https:\/\/create-website.fr\/wp-content\/uploads\/2024\/01\/cropped-logo_2.jpg\" class=\"attachment-large size-large wp-image-391\" alt=\"\" srcset=\"https:\/\/create-website.fr\/wp-content\/uploads\/2024\/01\/cropped-logo_2.jpg 519w, https:\/\/create-website.fr\/wp-content\/uploads\/2024\/01\/cropped-logo_2-255x300.jpg 255w\" sizes=\"(max-width: 519px) 100vw, 519px\" \/>\t\t\t\t\t\t\t\t\t\t\t\t\t\t\t<\/div>\n\t\t\t\t<\/div>\n\t\t\t\t\t<\/div>\n\t\t<\/div>\n\t\t\t\t<div class=\"elementor-column elementor-col-50 elementor-inner-column elementor-element elementor-element-9406a12\" data-id=\"9406a12\" data-element_type=\"column\" data-e-type=\"column\">\n\t\t\t<div class=\"elementor-widget-wrap elementor-element-populated\">\n\t\t\t\t\t\t<div class=\"elementor-element elementor-element-5e438ba elementor-widget elementor-widget-heading\" data-id=\"5e438ba\" data-element_type=\"widget\" data-e-type=\"widget\" data-widget_type=\"heading.default\">\n\t\t\t\t<div class=\"elementor-widget-container\">\n\t\t\t\t\t<h1 class=\"elementor-heading-title elementor-size-default\">CreateWebSite<\/h1>\t\t\t\t<\/div>\n\t\t\t\t<\/div>\n\t\t\t\t<div class=\"elementor-element elementor-element-7e28556 elementor-widget elementor-widget-text-editor\" data-id=\"7e28556\" data-element_type=\"widget\" data-e-type=\"widget\" data-widget_type=\"text-editor.default\">\n\t\t\t\t<div class=\"elementor-widget-container\">\n\t\t\t\t\t\t\t\t\t<p>CreateWebSite est une soci\u00e9t\u00e9 de cr\u00e9ation des site web et d\u00e9veloppement des logiciel, des parc informatiques et des applications web et mobiles, situ\u00e9 \u00e0 Evry 91000 et op\u00e9rant dans toute la France<br \/>Notre passion et nos expertises r\u00e9sident dans la cr\u00e9ation d&#8217;applications web et mobiles, une th\u00e9matique qui allie innovation technologique et r\u00e9ponse pragmatique aux besoins de la soci\u00e9t\u00e9 moderne. Mon exp\u00e9rience dans ce domaine s&#8217;articule autour de plusieurs axes cl\u00e9s :<\/p><ul><li><strong>1.Innovation Technologique<\/strong> : Nous sommes \u00e0 la pointe des derni\u00e8res avanc\u00e9es technologiques, int\u00e9grant des solutions \u00e9mergentes pour cr\u00e9er des applications qui anticipent les besoins futurs.<\/li><li><strong>2. Solutions sur Mesure<\/strong> : Chez CreateWebSite, nous comprenons que chaque projet est unique. Nous collaborons \u00e9troitement avec nos clients pour concevoir des applications sur mesure qui r\u00e9pondent pr\u00e9cis\u00e9ment \u00e0 leurs objectifs et aspirations.<\/li><li><strong>3. Mobilit\u00e9 et Accessibilit\u00e9<\/strong> : Nous accordons une importance particuli\u00e8re \u00e0 la mobilit\u00e9 et \u00e0 l&#8217;accessibilit\u00e9. Nos applications offrent une exp\u00e9rience utilisateur fluide et optimis\u00e9e, quel que soit le dispositif utilis\u00e9.<\/li><li><strong>4. Interface Intuitive<\/strong> : La convivialit\u00e9 est au c\u0153ur de notre d\u00e9marche. Nous concevons des interfaces intuitives pour garantir une navigation ais\u00e9e et une adoption rapide de l&#8217;application.<\/li><li><strong>5. S\u00e9curit\u00e9 et Fiabilit\u00e9<\/strong> : La s\u00e9curit\u00e9 des donn\u00e9es et la fiabilit\u00e9 des applications sont nos priorit\u00e9s. Nous mettons en \u0153uvre des normes de s\u00e9curit\u00e9 strictes et testons minutieusement chaque aspect pour garantir la stabilit\u00e9 de nos cr\u00e9ations.<\/li><li><strong>6. \u00c9volutivit\u00e9 et Maintenance<\/strong> : Nos applications sont con\u00e7ues pour \u00e9voluer avec votre entreprise. Nous offrons \u00e9galement des services de maintenance r\u00e9guli\u00e8re pour assurer la p\u00e9rennit\u00e9 de vos applications sur le long terme.<\/li><\/ul><p><strong>Pourquoi Choisir CreateWebSite :<\/strong><\/p><p><strong>Expertise Technique<\/strong> : Notre \u00e9quipe talentueuse de d\u00e9veloppeurs et de concepteurs est d\u00e9termin\u00e9e \u00e0 transformer vos id\u00e9es en r\u00e9alit\u00e9, en utilisant les derni\u00e8res technologies du secteur.<\/p><ul><li><strong>Approche Collaborative<\/strong> :Nous croyons en une collaboration \u00e9troite avec nos clients. Votre vision est notre guide, et nous travaillons ensemble \u00e0 chaque \u00e9tape du processus.<\/li><li><strong>Engagement envers l&#8217;Excellence<\/strong> : Chez CreateWebSite, nous visons l&#8217;excellence dans tout ce que nous faisons. Chaque ligne de code, chaque design est \u00e9labor\u00e9 avec soin pour garantir la qualit\u00e9.<\/li><\/ul><p>Explorez de nouveaux horizons num\u00e9riques avec CreateWebSite. Contactez-nous aujourd&#8217;hui pour discuter de la fa\u00e7on dont nous pouvons concr\u00e9tiser vos id\u00e9es et transformer votre vision en une r\u00e9alit\u00e9 num\u00e9rique exceptionnelle.<\/p>\t\t\t\t\t\t\t\t<\/div>\n\t\t\t\t<\/div>\n\t\t\t\t\t<\/div>\n\t\t<\/div>\n\t\t\t\t\t<\/div>\n\t\t<\/section>\n\t\t\t\t\t<\/div>\n\t\t<\/div>\n\t\t\t\t\t<\/div>\n\t\t<\/section>\n\t\t\t\t<section class=\"elementor-section elementor-top-section elementor-element elementor-element-57f0826 elementor-section-boxed elementor-section-height-default elementor-section-height-default\" data-id=\"57f0826\" data-element_type=\"section\" data-e-type=\"section\">\n\t\t\t\t\t\t<div class=\"elementor-container elementor-column-gap-default\">\n\t\t\t\t\t<div class=\"elementor-column elementor-col-16 elementor-top-column elementor-element elementor-element-7dd7c27\" data-id=\"7dd7c27\" data-element_type=\"column\" data-e-type=\"column\" data-settings=\"{&quot;background_background&quot;:&quot;slideshow&quot;,&quot;background_slideshow_gallery&quot;:[],&quot;background_slideshow_loop&quot;:&quot;yes&quot;,&quot;background_slideshow_slide_duration&quot;:5000,&quot;background_slideshow_slide_transition&quot;:&quot;fade&quot;,&quot;background_slideshow_transition_duration&quot;:500}\">\n\t\t\t<div class=\"elementor-widget-wrap\">\n\t\t\t\t\t\t\t<\/div>\n\t\t<\/div>\n\t\t\t\t<div class=\"elementor-column elementor-col-16 elementor-top-column elementor-element elementor-element-6f2df1c\" data-id=\"6f2df1c\" data-element_type=\"column\" data-e-type=\"column\">\n\t\t\t<div class=\"elementor-widget-wrap\">\n\t\t\t\t\t\t\t<\/div>\n\t\t<\/div>\n\t\t\t\t<div class=\"elementor-column elementor-col-16 elementor-top-column elementor-element elementor-element-0abade2\" data-id=\"0abade2\" data-element_type=\"column\" data-e-type=\"column\">\n\t\t\t<div class=\"elementor-widget-wrap\">\n\t\t\t\t\t\t\t<\/div>\n\t\t<\/div>\n\t\t\t\t<div class=\"elementor-column elementor-col-16 elementor-top-column elementor-element elementor-element-b13645e\" data-id=\"b13645e\" data-element_type=\"column\" data-e-type=\"column\">\n\t\t\t<div class=\"elementor-widget-wrap\">\n\t\t\t\t\t\t\t<\/div>\n\t\t<\/div>\n\t\t\t\t<div class=\"elementor-column elementor-col-16 elementor-top-column elementor-element elementor-element-f172a01\" data-id=\"f172a01\" data-element_type=\"column\" data-e-type=\"column\">\n\t\t\t<div class=\"elementor-widget-wrap\">\n\t\t\t\t\t\t\t<\/div>\n\t\t<\/div>\n\t\t\t\t<div class=\"elementor-column elementor-col-16 elementor-top-column elementor-element elementor-element-361927d\" data-id=\"361927d\" data-element_type=\"column\" data-e-type=\"column\">\n\t\t\t<div class=\"elementor-widget-wrap\">\n\t\t\t\t\t\t\t<\/div>\n\t\t<\/div>\n\t\t\t\t\t<\/div>\n\t\t<\/section>\n\t\t\t\t<\/div>\n\t\t","protected":false},"excerpt":{"rendered":"<p>CreateWebSite CreateWebSite est une soci\u00e9t\u00e9 de cr\u00e9ation des site web et d\u00e9veloppement des logiciel, des parc informatiques et des applications web et mobiles, situ\u00e9 \u00e0 Evry 91000 et op\u00e9rant dans toute la FranceNotre passion et nos expertises r\u00e9sident dans la cr\u00e9ation d&#8217;applications web et mobiles, une th\u00e9matique qui allie innovation technologique et r\u00e9ponse pragmatique aux [&hellip;]<\/p>\n","protected":false},"author":1,"featured_media":0,"parent":0,"menu_order":0,"comment_status":"closed","ping_status":"closed","template":"","meta":{"ocean_post_layout":"","ocean_both_sidebars_style":"","ocean_both_sidebars_content_width":0,"ocean_both_sidebars_sidebars_width":0,"ocean_sidebar":"0","ocean_second_sidebar":"0","ocean_disable_margins":"on","ocean_add_body_class":"","ocean_shortcode_before_top_bar":"","ocean_shortcode_after_top_bar":"","ocean_shortcode_before_header":"","ocean_shortcode_after_header":"","ocean_has_shortcode":"","ocean_shortcode_after_title":"","ocean_shortcode_before_footer_widgets":"","ocean_shortcode_after_footer_widgets":"","ocean_shortcode_before_footer_bottom":"","ocean_shortcode_after_footer_bottom":"","ocean_display_top_bar":"default","ocean_display_header":"default","ocean_header_style":"","ocean_center_header_left_menu":"0","ocean_custom_header_template":"0","ocean_custom_logo":0,"ocean_custom_retina_logo":0,"ocean_custom_logo_max_width":0,"ocean_custom_logo_tablet_max_width":0,"ocean_custom_logo_mobile_max_width":0,"ocean_custom_logo_max_height":0,"ocean_custom_logo_tablet_max_height":0,"ocean_custom_logo_mobile_max_height":0,"ocean_header_custom_menu":"0","ocean_menu_typo_font_family":"0","ocean_menu_typo_font_subset":"","ocean_menu_typo_font_size":0,"ocean_menu_typo_font_size_tablet":0,"ocean_menu_typo_font_size_mobile":0,"ocean_menu_typo_font_size_unit":"px","ocean_menu_typo_font_weight":"","ocean_menu_typo_font_weight_tablet":"","ocean_menu_typo_font_weight_mobile":"","ocean_menu_typo_transform":"","ocean_menu_typo_transform_tablet":"","ocean_menu_typo_transform_mobile":"","ocean_menu_typo_line_height":0,"ocean_menu_typo_line_height_tablet":0,"ocean_menu_typo_line_height_mobile":0,"ocean_menu_typo_line_height_unit":"","ocean_menu_typo_spacing":0,"ocean_menu_typo_spacing_tablet":0,"ocean_menu_typo_spacing_mobile":0,"ocean_menu_typo_spacing_unit":"","ocean_menu_link_color":"","ocean_menu_link_color_hover":"","ocean_menu_link_color_active":"","ocean_menu_link_background":"","ocean_menu_link_hover_background":"","ocean_menu_link_active_background":"","ocean_menu_social_links_bg":"","ocean_menu_social_hover_links_bg":"","ocean_menu_social_links_color":"","ocean_menu_social_hover_links_color":"","ocean_disable_title":"on","ocean_disable_heading":"default","ocean_post_title":"","ocean_post_subheading":"","ocean_post_title_style":"","ocean_post_title_background_color":"","ocean_post_title_background":0,"ocean_post_title_bg_image_position":"","ocean_post_title_bg_image_attachment":"","ocean_post_title_bg_image_repeat":"","ocean_post_title_bg_image_size":"","ocean_post_title_height":0,"ocean_post_title_bg_overlay":0.5,"ocean_post_title_bg_overlay_color":"","ocean_disable_breadcrumbs":"default","ocean_breadcrumbs_color":"","ocean_breadcrumbs_separator_color":"","ocean_breadcrumbs_links_color":"","ocean_breadcrumbs_links_hover_color":"","ocean_display_footer_widgets":"default","ocean_display_footer_bottom":"default","ocean_custom_footer_template":"0","footnotes":""},"class_list":["post-17","page","type-page","status-publish","hentry","entry"],"yoast_head":"<!-- This site is optimized with the Yoast SEO plugin v27.4 - https:\/\/yoast.com\/product\/yoast-seo-wordpress\/ -->\n<title>A PROPOS - CreasteWebSite<\/title>\n<meta name=\"robots\" content=\"index, follow, max-snippet:-1, max-image-preview:large, max-video-preview:-1\" \/>\n<link rel=\"canonical\" href=\"https:\/\/create-website.fr\/index.php\/a-propos\/\" \/>\n<meta property=\"og:locale\" content=\"en_US\" \/>\n<meta property=\"og:type\" content=\"article\" \/>\n<meta property=\"og:title\" content=\"A PROPOS - CreasteWebSite\" \/>\n<meta property=\"og:description\" content=\"CreateWebSite CreateWebSite est une soci\u00e9t\u00e9 de cr\u00e9ation des site web et d\u00e9veloppement des logiciel, des parc informatiques et des applications web et mobiles, situ\u00e9 \u00e0 Evry 91000 et op\u00e9rant dans toute la FranceNotre passion et nos expertises r\u00e9sident dans la cr\u00e9ation d&#8217;applications web et mobiles, une th\u00e9matique qui allie innovation technologique et r\u00e9ponse pragmatique aux [&hellip;]\" \/>\n<meta property=\"og:url\" content=\"https:\/\/create-website.fr\/index.php\/a-propos\/\" \/>\n<meta property=\"og:site_name\" content=\"CreasteWebSite\" \/>\n<meta property=\"article:modified_time\" content=\"2024-01-27T19:53:11+00:00\" \/>\n<meta property=\"og:image\" content=\"https:\/\/create-website.fr\/wp-content\/uploads\/2024\/01\/cropped-logo_2.jpg\" \/>\n<meta name=\"twitter:card\" content=\"summary_large_image\" \/>\n<meta name=\"twitter:label1\" content=\"Est. reading time\" \/>\n\t<meta name=\"twitter:data1\" content=\"3 minutes\" \/>\n<script type=\"application\/ld+json\" class=\"yoast-schema-graph\">{\"@context\":\"https:\\\/\\\/schema.org\",\"@graph\":[{\"@type\":\"WebPage\",\"@id\":\"https:\\\/\\\/create-website.fr\\\/index.php\\\/a-propos\\\/\",\"url\":\"https:\\\/\\\/create-website.fr\\\/index.php\\\/a-propos\\\/\",\"name\":\"A PROPOS - CreasteWebSite\",\"isPartOf\":{\"@id\":\"https:\\\/\\\/create-website.fr\\\/#website\"},\"primaryImageOfPage\":{\"@id\":\"https:\\\/\\\/create-website.fr\\\/index.php\\\/a-propos\\\/#primaryimage\"},\"image\":{\"@id\":\"https:\\\/\\\/create-website.fr\\\/index.php\\\/a-propos\\\/#primaryimage\"},\"thumbnailUrl\":\"https:\\\/\\\/create-website.fr\\\/wp-content\\\/uploads\\\/2024\\\/01\\\/cropped-logo_2.jpg\",\"datePublished\":\"2023-05-28T19:18:51+00:00\",\"dateModified\":\"2024-01-27T19:53:11+00:00\",\"breadcrumb\":{\"@id\":\"https:\\\/\\\/create-website.fr\\\/index.php\\\/a-propos\\\/#breadcrumb\"},\"inLanguage\":\"en-US\",\"potentialAction\":[{\"@type\":\"ReadAction\",\"target\":[\"https:\\\/\\\/create-website.fr\\\/index.php\\\/a-propos\\\/\"]}]},{\"@type\":\"ImageObject\",\"inLanguage\":\"en-US\",\"@id\":\"https:\\\/\\\/create-website.fr\\\/index.php\\\/a-propos\\\/#primaryimage\",\"url\":\"https:\\\/\\\/create-website.fr\\\/wp-content\\\/uploads\\\/2024\\\/01\\\/cropped-logo_2.jpg\",\"contentUrl\":\"https:\\\/\\\/create-website.fr\\\/wp-content\\\/uploads\\\/2024\\\/01\\\/cropped-logo_2.jpg\"},{\"@type\":\"BreadcrumbList\",\"@id\":\"https:\\\/\\\/create-website.fr\\\/index.php\\\/a-propos\\\/#breadcrumb\",\"itemListElement\":[{\"@type\":\"ListItem\",\"position\":1,\"name\":\"Accueil\",\"item\":\"https:\\\/\\\/create-website.fr\\\/\"},{\"@type\":\"ListItem\",\"position\":2,\"name\":\"A PROPOS\"}]},{\"@type\":\"WebSite\",\"@id\":\"https:\\\/\\\/create-website.fr\\\/#website\",\"url\":\"https:\\\/\\\/create-website.fr\\\/\",\"name\":\"CreasteWebSite\",\"description\":\"\",\"publisher\":{\"@id\":\"https:\\\/\\\/create-website.fr\\\/#organization\"},\"potentialAction\":[{\"@type\":\"SearchAction\",\"target\":{\"@type\":\"EntryPoint\",\"urlTemplate\":\"https:\\\/\\\/create-website.fr\\\/?s={search_term_string}\"},\"query-input\":{\"@type\":\"PropertyValueSpecification\",\"valueRequired\":true,\"valueName\":\"search_term_string\"}}],\"inLanguage\":\"en-US\"},{\"@type\":\"Organization\",\"@id\":\"https:\\\/\\\/create-website.fr\\\/#organization\",\"name\":\"CreasteWebSite\",\"url\":\"https:\\\/\\\/create-website.fr\\\/\",\"logo\":{\"@type\":\"ImageObject\",\"inLanguage\":\"en-US\",\"@id\":\"https:\\\/\\\/create-website.fr\\\/#\\\/schema\\\/logo\\\/image\\\/\",\"url\":\"https:\\\/\\\/create-website.fr\\\/wp-content\\\/uploads\\\/2024\\\/01\\\/cropped-logo_2.jpg\",\"contentUrl\":\"https:\\\/\\\/create-website.fr\\\/wp-content\\\/uploads\\\/2024\\\/01\\\/cropped-logo_2.jpg\",\"width\":519,\"height\":610,\"caption\":\"CreasteWebSite\"},\"image\":{\"@id\":\"https:\\\/\\\/create-website.fr\\\/#\\\/schema\\\/logo\\\/image\\\/\"}}]}<\/script>\n<!-- \/ Yoast SEO plugin. -->","yoast_head_json":{"title":"A PROPOS - CreasteWebSite","robots":{"index":"index","follow":"follow","max-snippet":"max-snippet:-1","max-image-preview":"max-image-preview:large","max-video-preview":"max-video-preview:-1"},"canonical":"https:\/\/create-website.fr\/index.php\/a-propos\/","og_locale":"en_US","og_type":"article","og_title":"A PROPOS - CreasteWebSite","og_description":"CreateWebSite CreateWebSite est une soci\u00e9t\u00e9 de cr\u00e9ation des site web et d\u00e9veloppement des logiciel, des parc informatiques et des applications web et mobiles, situ\u00e9 \u00e0 Evry 91000 et op\u00e9rant dans toute la FranceNotre passion et nos expertises r\u00e9sident dans la cr\u00e9ation d&#8217;applications web et mobiles, une th\u00e9matique qui allie innovation technologique et r\u00e9ponse pragmatique aux [&hellip;]","og_url":"https:\/\/create-website.fr\/index.php\/a-propos\/","og_site_name":"CreasteWebSite","article_modified_time":"2024-01-27T19:53:11+00:00","og_image":[{"url":"https:\/\/create-website.fr\/wp-content\/uploads\/2024\/01\/cropped-logo_2.jpg","type":"","width":"","height":""}],"twitter_card":"summary_large_image","twitter_misc":{"Est. reading time":"3 minutes"},"schema":{"@context":"https:\/\/schema.org","@graph":[{"@type":"WebPage","@id":"https:\/\/create-website.fr\/index.php\/a-propos\/","url":"https:\/\/create-website.fr\/index.php\/a-propos\/","name":"A PROPOS - CreasteWebSite","isPartOf":{"@id":"https:\/\/create-website.fr\/#website"},"primaryImageOfPage":{"@id":"https:\/\/create-website.fr\/index.php\/a-propos\/#primaryimage"},"image":{"@id":"https:\/\/create-website.fr\/index.php\/a-propos\/#primaryimage"},"thumbnailUrl":"https:\/\/create-website.fr\/wp-content\/uploads\/2024\/01\/cropped-logo_2.jpg","datePublished":"2023-05-28T19:18:51+00:00","dateModified":"2024-01-27T19:53:11+00:00","breadcrumb":{"@id":"https:\/\/create-website.fr\/index.php\/a-propos\/#breadcrumb"},"inLanguage":"en-US","potentialAction":[{"@type":"ReadAction","target":["https:\/\/create-website.fr\/index.php\/a-propos\/"]}]},{"@type":"ImageObject","inLanguage":"en-US","@id":"https:\/\/create-website.fr\/index.php\/a-propos\/#primaryimage","url":"https:\/\/create-website.fr\/wp-content\/uploads\/2024\/01\/cropped-logo_2.jpg","contentUrl":"https:\/\/create-website.fr\/wp-content\/uploads\/2024\/01\/cropped-logo_2.jpg"},{"@type":"BreadcrumbList","@id":"https:\/\/create-website.fr\/index.php\/a-propos\/#breadcrumb","itemListElement":[{"@type":"ListItem","position":1,"name":"Accueil","item":"https:\/\/create-website.fr\/"},{"@type":"ListItem","position":2,"name":"A PROPOS"}]},{"@type":"WebSite","@id":"https:\/\/create-website.fr\/#website","url":"https:\/\/create-website.fr\/","name":"CreasteWebSite","description":"","publisher":{"@id":"https:\/\/create-website.fr\/#organization"},"potentialAction":[{"@type":"SearchAction","target":{"@type":"EntryPoint","urlTemplate":"https:\/\/create-website.fr\/?s={search_term_string}"},"query-input":{"@type":"PropertyValueSpecification","valueRequired":true,"valueName":"search_term_string"}}],"inLanguage":"en-US"},{"@type":"Organization","@id":"https:\/\/create-website.fr\/#organization","name":"CreasteWebSite","url":"https:\/\/create-website.fr\/","logo":{"@type":"ImageObject","inLanguage":"en-US","@id":"https:\/\/create-website.fr\/#\/schema\/logo\/image\/","url":"https:\/\/create-website.fr\/wp-content\/uploads\/2024\/01\/cropped-logo_2.jpg","contentUrl":"https:\/\/create-website.fr\/wp-content\/uploads\/2024\/01\/cropped-logo_2.jpg","width":519,"height":610,"caption":"CreasteWebSite"},"image":{"@id":"https:\/\/create-website.fr\/#\/schema\/logo\/image\/"}}]}},"_links":{"self":[{"href":"https:\/\/create-website.fr\/index.php\/wp-json\/wp\/v2\/pages\/17","targetHints":{"allow":["GET"]}}],"collection":[{"href":"https:\/\/create-website.fr\/index.php\/wp-json\/wp\/v2\/pages"}],"about":[{"href":"https:\/\/create-website.fr\/index.php\/wp-json\/wp\/v2\/types\/page"}],"author":[{"embeddable":true,"href":"https:\/\/create-website.fr\/index.php\/wp-json\/wp\/v2\/users\/1"}],"replies":[{"embeddable":true,"href":"https:\/\/create-website.fr\/index.php\/wp-json\/wp\/v2\/comments?post=17"}],"version-history":[{"count":78,"href":"https:\/\/create-website.fr\/index.php\/wp-json\/wp\/v2\/pages\/17\/revisions"}],"predecessor-version":[{"id":854,"href":"https:\/\/create-website.fr\/index.php\/wp-json\/wp\/v2\/pages\/17\/revisions\/854"}],"wp:attachment":[{"href":"https:\/\/create-website.fr\/index.php\/wp-json\/wp\/v2\/media?parent=17"}],"curies":[{"name":"wp","href":"https:\/\/api.w.org\/{rel}","templated":true}]}}